{"id":7569,"date":"2022-07-20T13:16:57","date_gmt":"2022-07-20T12:16:57","guid":{"rendered":"https:\/\/laclinicadelpadel.com\/fisios-del-padel\/"},"modified":"2024-05-07T12:22:50","modified_gmt":"2024-05-07T11:22:50","slug":"fisios-del-padel","status":"publish","type":"page","link":"https:\/\/laclinicadelpadel.com\/ca\/fisios-del-padel\/","title":{"rendered":"Fisios del P\u00e0del"},"content":{"rendered":"\t\t<div data-elementor-type=\"wp-page\" data-elementor-id=\"7569\" class=\"elementor elementor-7569 elementor-7412\">\n\t\t\t\t\t\t\t\t\t<section class=\"elementor-section elementor-top-section elementor-element elementor-element-74462c8 elementor-section-full_width elementor-section-gap-beside-no elementor-section-content-middle elementor-section-height-default elementor-section-height-default elementor-section-column-vertical-align-stretch\" data-id=\"74462c8\" data-element_type=\"section\" data-settings=\"{&quot;background_background&quot;:&quot;classic&quot;,&quot;background_motion_fx_motion_fx_mouse&quot;:&quot;yes&quot;,&quot;background_motion_fx_mouseTrack_effect&quot;:&quot;yes&quot;,&quot;background_motion_fx_mouseTrack_speed&quot;:{&quot;unit&quot;:&quot;px&quot;,&quot;size&quot;:0.5,&quot;sizes&quot;:[]}}\">\n\t\t\t\t\t\t<div class=\"elementor-container elementor-column-gap-default\">\n\t\t\t\t\t<div class=\"elementor-column elementor-col-100 elementor-top-column elementor-element elementor-element-1f9aa7c\" data-id=\"1f9aa7c\" data-element_type=\"column\">\n\t\t\t<div class=\"elementor-widget-wrap elementor-element-populated\">\n\t\t\t\t\t\t\t\t<div class=\"elementor-element elementor-element-82a61d0 elementor-widget elementor-widget-heading\" data-id=\"82a61d0\" data-element_type=\"widget\" data-widget_type=\"heading.default\">\n\t\t\t\t<div class=\"elementor-widget-container\">\n\t\t\t<style>\/*! elementor - v3.6.7 - 03-07-2022 *\/\n.elementor-heading-title{padding:0;margin:0;line-height:1}.elementor-widget-heading .elementor-heading-title[class*=elementor-size-]>a{color:inherit;font-size:inherit;line-height:inherit}.elementor-widget-heading .elementor-heading-title.elementor-size-small{font-size:15px}.elementor-widget-heading .elementor-heading-title.elementor-size-medium{font-size:19px}.elementor-widget-heading .elementor-heading-title.elementor-size-large{font-size:29px}.elementor-widget-heading .elementor-heading-title.elementor-size-xl{font-size:39px}.elementor-widget-heading .elementor-heading-title.elementor-size-xxl{font-size:59px}<\/style><h1 class=\"elementor-heading-title elementor-size-default\">FISIOS DEL P\u00c0DEL<\/h1>\t\t<\/div>\n\t\t\t\t<\/div>\n\t\t\t\t\t<\/div>\n\t\t<\/div>\n\t\t\t\t\t\t\t<\/div>\n\t\t<\/section>\n\t\t\t\t<section class=\"elementor-section elementor-top-section elementor-element elementor-element-8f2a646 elementor-section-boxed elementor-section-gap-beside-yes elementor-section-height-default elementor-section-height-default elementor-section-column-vertical-align-stretch\" data-id=\"8f2a646\" data-element_type=\"section\">\n\t\t\t\t\t\t<div class=\"elementor-container elementor-column-gap-extended\">\n\t\t\t\t\t<div class=\"elementor-column elementor-col-33 elementor-top-column elementor-element elementor-element-b2a1d89\" data-id=\"b2a1d89\" data-element_type=\"column\">\n\t\t\t<div class=\"elementor-widget-wrap elementor-element-populated\">\n\t\t\t\t\t\t\t\t<div class=\"elementor-element elementor-element-aa83cdf elementor-widget elementor-widget-tm-heading\" data-id=\"aa83cdf\" data-element_type=\"widget\" data-widget_type=\"tm-heading.default\">\n\t\t\t\t<div class=\"elementor-widget-container\">\n\t\t\t\t\t<div class=\"tm-modern-heading\">\n\t\t\t\n\t\t\t\t\t<div class=\"heading-primary-wrap\">\n\t\t\t<h2 class=\"heading-primary elementor-heading-title\">Els fisios<\/h2>\t\t<\/div>\n\t\t\n\t\t\t\n\t\t\t\t\t<\/div>\n\t\t\t\t<\/div>\n\t\t\t\t<\/div>\n\t\t\t\t\t<\/div>\n\t\t<\/div>\n\t\t\t\t<div class=\"elementor-column elementor-col-66 elementor-top-column elementor-element elementor-element-d49eff9\" data-id=\"d49eff9\" data-element_type=\"column\">\n\t\t\t<div class=\"elementor-widget-wrap elementor-element-populated\">\n\t\t\t\t\t\t\t\t<div class=\"elementor-element elementor-element-6713e2c elementor-widget elementor-widget-tm-image-gallery\" data-id=\"6713e2c\" data-element_type=\"widget\" data-widget_type=\"tm-image-gallery.default\">\n\t\t\t\t<div class=\"elementor-widget-container\">\n\t\t\t\t\t<div class=\"billey-grid-wrapper billey-light-gallery\" data-grid=\"{&quot;type&quot;:&quot;grid&quot;,&quot;ratio&quot;:null,&quot;columns&quot;:4,&quot;gutter&quot;:30}\">\n\t\t\t<div class=\"billey-grid\">\n\t\t\t\t<div class=\"grid-sizer\"><\/div>\n\n\t\t\t\t\t\t\t\t\t\t\t\t<div class=\"grid-item\">\n\t\t\t\t\t\t<a class=\"billey-box zoom\" href=\"https:\/\/laclinicadelpadel.com\/wp-content\/uploads\/2022\/08\/rollup-clinica-padel.jpg\" data-sub-html=\"&lt;h4&gt;rollup-clinica-padel&lt;\/h4&gt;\">\t\t<div class=\"billey-image image\">\n\t\t\t<img decoding=\"async\"  src=\"https:\/\/laclinicadelpadel.com\/wp-content\/uploads\/2022\/08\/rollup-clinica-padel.jpg\" alt=\"rollup-clinica-padel\" \/>\t\t<\/div>\n\t\t\t\t\t<div class=\"billey-overlay\">\n\t\t\t\t<div><span class=\"fal fa-plus\"><\/span><\/div>\n\t\t\t<\/div>\n\t\t\t\t<\/a>\t\t\t\t\t<\/div>\n\t\t\t\t\t\t<div class=\"grid-item\">\n\t\t\t\t\t\t<a class=\"billey-box zoom\" href=\"https:\/\/laclinicadelpadel.com\/wp-content\/uploads\/2022\/07\/fisios-0.jpg\" data-sub-html=\"&lt;h4&gt;Dr. \u00c0ngel Bigas&lt;\/h4&gt;\">\t\t<div class=\"billey-image image\">\n\t\t\t<img decoding=\"async\"  src=\"https:\/\/laclinicadelpadel.com\/wp-content\/uploads\/2022\/07\/fisios-0.jpg\" alt=\"Dr. \u00c0ngel Bigas\" \/>\t\t<\/div>\n\t\t\t\t\t<div class=\"billey-overlay\">\n\t\t\t\t<div><span class=\"fal fa-plus\"><\/span><\/div>\n\t\t\t<\/div>\n\t\t\t\t<\/a>\t\t\t\t\t<\/div>\n\t\t\t\t\t\t<div class=\"grid-item\">\n\t\t\t\t\t\t<a class=\"billey-box zoom\" href=\"https:\/\/laclinicadelpadel.com\/wp-content\/uploads\/2022\/07\/fisios-1.jpg\" data-sub-html=\"&lt;h4&gt;Oriol Mercade&lt;\/h4&gt;\">\t\t<div class=\"billey-image image\">\n\t\t\t<img decoding=\"async\"  src=\"https:\/\/laclinicadelpadel.com\/wp-content\/uploads\/2022\/07\/fisios-1.jpg\" alt=\"Oriol Mercade\" \/>\t\t<\/div>\n\t\t\t\t\t<div class=\"billey-overlay\">\n\t\t\t\t<div><span class=\"fal fa-plus\"><\/span><\/div>\n\t\t\t<\/div>\n\t\t\t\t<\/a>\t\t\t\t\t<\/div>\n\t\t\t\t\t\t<div class=\"grid-item\">\n\t\t\t\t\t\t<a class=\"billey-box zoom\" href=\"https:\/\/laclinicadelpadel.com\/wp-content\/uploads\/2022\/07\/fisios-2.jpg\" data-sub-html=\"&lt;h4&gt;Alex Vidal&lt;\/h4&gt;\">\t\t<div class=\"billey-image image\">\n\t\t\t<img decoding=\"async\"  src=\"https:\/\/laclinicadelpadel.com\/wp-content\/uploads\/2022\/07\/fisios-2.jpg\" alt=\"Alex Vidal\" \/>\t\t<\/div>\n\t\t\t\t\t<div class=\"billey-overlay\">\n\t\t\t\t<div><span class=\"fal fa-plus\"><\/span><\/div>\n\t\t\t<\/div>\n\t\t\t\t<\/a>\t\t\t\t\t<\/div>\n\t\t\t\t\t\t\t\n\t\t\t<\/div>\n\t\t<\/div>\n\t\t\t\t<\/div>\n\t\t\t\t<\/div>\n\t\t\t\t\t<\/div>\n\t\t<\/div>\n\t\t\t\t\t\t\t<\/div>\n\t\t<\/section>\n\t\t\t\t<section class=\"elementor-section elementor-top-section elementor-element elementor-element-216405e elementor-section-boxed elementor-section-gap-beside-yes elementor-section-height-default elementor-section-height-default elementor-section-column-vertical-align-stretch\" data-id=\"216405e\" data-element_type=\"section\">\n\t\t\t\t\t\t<div class=\"elementor-container elementor-column-gap-extended\">\n\t\t\t\t\t<div class=\"elementor-column elementor-col-33 elementor-top-column elementor-element elementor-element-0a5cd7a\" data-id=\"0a5cd7a\" data-element_type=\"column\">\n\t\t\t<div class=\"elementor-widget-wrap elementor-element-populated\">\n\t\t\t\t\t\t\t\t<div class=\"elementor-element elementor-element-4935e87 elementor-widget elementor-widget-tm-heading\" data-id=\"4935e87\" data-element_type=\"widget\" data-widget_type=\"tm-heading.default\">\n\t\t\t\t<div class=\"elementor-widget-container\">\n\t\t\t\t\t<div class=\"tm-modern-heading\">\n\t\t\t\n\t\t\t\t\t<div class=\"heading-primary-wrap\">\n\t\t\t<h2 class=\"heading-primary elementor-heading-title\">Campionat Catalunya absolut de P\u00e0del 2021, Club Junior (Sant Cugat)<\/h2>\t\t<\/div>\n\t\t\n\t\t\t\n\t\t\t\t\t<\/div>\n\t\t\t\t<\/div>\n\t\t\t\t<\/div>\n\t\t\t\t\t<\/div>\n\t\t<\/div>\n\t\t\t\t<div class=\"elementor-column elementor-col-66 elementor-top-column elementor-element elementor-element-8d5a43a\" data-id=\"8d5a43a\" data-element_type=\"column\">\n\t\t\t<div class=\"elementor-widget-wrap elementor-element-populated\">\n\t\t\t\t\t\t\t\t<div class=\"elementor-element elementor-element-54494de elementor-widget elementor-widget-tm-image-gallery\" data-id=\"54494de\" data-element_type=\"widget\" data-widget_type=\"tm-image-gallery.default\">\n\t\t\t\t<div class=\"elementor-widget-container\">\n\t\t\t\t\t<div class=\"billey-grid-wrapper billey-grid-metro billey-light-gallery\" data-grid=\"{&quot;type&quot;:&quot;metro&quot;,&quot;ratio&quot;:1,&quot;columns&quot;:3,&quot;gutter&quot;:30}\">\n\t\t\t<div class=\"billey-grid\">\n\t\t\t\t<div class=\"grid-sizer\"><\/div>\n\n\t\t\t\t\t\t\t\t\t\t\t\t<div class=\"grid-item grid-item-height\" data-width=\"2\" data-height=\"2\">\n\t\t\t\t\t\t<a class=\"billey-box zoom\" href=\"https:\/\/laclinicadelpadel.com\/wp-content\/uploads\/2022\/07\/campionat-cat-2021-2.jpg\" data-sub-html=\"\">\t\t<div class=\"billey-image image\">\n\t\t\t<img decoding=\"async\"  src=\"https:\/\/laclinicadelpadel.com\/wp-content\/uploads\/2022\/07\/campionat-cat-2021-2.jpg\" alt=\"\" \/>\t\t<\/div>\n\t\t\t\t\t<div class=\"billey-overlay\">\n\t\t\t\t<div><span class=\"fal fa-plus\"><\/span><\/div>\n\t\t\t<\/div>\n\t\t\t\t<\/a>\t\t\t\t\t<\/div>\n\t\t\t\t\t\t\t\t\t<div class=\"grid-item grid-item-height\" data-width=\"1\" data-height=\"1\">\n\t\t\t\t\t\t<a class=\"billey-box zoom\" href=\"https:\/\/laclinicadelpadel.com\/wp-content\/uploads\/2022\/07\/campionat-cat-2021-1.jpg\" data-sub-html=\"\">\t\t<div class=\"billey-image image\">\n\t\t\t<img decoding=\"async\"  src=\"https:\/\/laclinicadelpadel.com\/wp-content\/uploads\/2022\/07\/campionat-cat-2021-1.jpg\" alt=\"\" \/>\t\t<\/div>\n\t\t\t\t\t<div class=\"billey-overlay\">\n\t\t\t\t<div><span class=\"fal fa-plus\"><\/span><\/div>\n\t\t\t<\/div>\n\t\t\t\t<\/a>\t\t\t\t\t<\/div>\n\t\t\t\t\t\t\t\t\t\t\n\t\t\t<\/div>\n\t\t<\/div>\n\t\t\t\t<\/div>\n\t\t\t\t<\/div>\n\t\t\t\t\t<\/div>\n\t\t<\/div>\n\t\t\t\t\t\t\t<\/div>\n\t\t<\/section>\n\t\t\t\t<section class=\"elementor-section elementor-top-section elementor-element elementor-element-c720562 elementor-section-boxed elementor-section-gap-beside-yes elementor-section-height-default elementor-section-height-default elementor-section-column-vertical-align-stretch\" data-id=\"c720562\" data-element_type=\"section\">\n\t\t\t\t\t\t<div class=\"elementor-container elementor-column-gap-extended\">\n\t\t\t\t\t<div class=\"elementor-column elementor-col-33 elementor-top-column elementor-element elementor-element-cbfc4bb\" data-id=\"cbfc4bb\" data-element_type=\"column\">\n\t\t\t<div class=\"elementor-widget-wrap elementor-element-populated\">\n\t\t\t\t\t\t\t\t<div class=\"elementor-element elementor-element-5dbdf4a elementor-widget elementor-widget-tm-heading\" data-id=\"5dbdf4a\" data-element_type=\"widget\" data-widget_type=\"tm-heading.default\">\n\t\t\t\t<div class=\"elementor-widget-container\">\n\t\t\t\t\t<div class=\"tm-modern-heading\">\n\t\t\t\n\t\t\t\t\t<div class=\"heading-primary-wrap\">\n\t\t\t<h2 class=\"heading-primary elementor-heading-title\">Torneig Evenpadeltour. Club Delfos de Cornell\u00e0<\/h2>\t\t<\/div>\n\t\t\n\t\t\t\n\t\t\t\t\t<\/div>\n\t\t\t\t<\/div>\n\t\t\t\t<\/div>\n\t\t\t\t<div class=\"elementor-element elementor-element-d56bc36 elementor-widget elementor-widget-text-editor\" data-id=\"d56bc36\" data-element_type=\"widget\" data-widget_type=\"text-editor.default\">\n\t\t\t\t<div class=\"elementor-widget-container\">\n\t\t\t<style>\/*! elementor - v3.6.7 - 03-07-2022 *\/\n.elementor-widget-text-editor.elementor-drop-cap-view-stacked .elementor-drop-cap{background-color:#818a91;color:#fff}.elementor-widget-text-editor.elementor-drop-cap-view-framed .elementor-drop-cap{color:#818a91;border:3px solid;background-color:transparent}.elementor-widget-text-editor:not(.elementor-drop-cap-view-default) .elementor-drop-cap{margin-top:8px}.elementor-widget-text-editor:not(.elementor-drop-cap-view-default) .elementor-drop-cap-letter{width:1em;height:1em}.elementor-widget-text-editor .elementor-drop-cap{float:left;text-align:center;line-height:1;font-size:50px}.elementor-widget-text-editor .elementor-drop-cap-letter{display:inline-block}<\/style>\t\t\t\t<p><span style=\"font-weight: 400;\">Nou servei de Fisios als millors Tornejos de P\u00e0del. Massatges gratu\u00efts pels jugadors.<\/span><\/p>\n\t\t\t\t\t\t<\/div>\n\t\t\t\t<\/div>\n\t\t\t\t\t<\/div>\n\t\t<\/div>\n\t\t\t\t<div class=\"elementor-column elementor-col-66 elementor-top-column elementor-element elementor-element-251f196\" data-id=\"251f196\" data-element_type=\"column\">\n\t\t\t<div class=\"elementor-widget-wrap elementor-element-populated\">\n\t\t\t\t\t\t\t\t<div class=\"elementor-element elementor-element-536ad1a elementor-widget elementor-widget-tm-image-gallery\" data-id=\"536ad1a\" data-element_type=\"widget\" data-widget_type=\"tm-image-gallery.default\">\n\t\t\t\t<div class=\"elementor-widget-container\">\n\t\t\t\t\t<div class=\"billey-grid-wrapper billey-grid-metro billey-light-gallery\" data-grid=\"{&quot;type&quot;:&quot;metro&quot;,&quot;ratio&quot;:1,&quot;columns&quot;:3,&quot;gutter&quot;:30}\">\n\t\t\t<div class=\"billey-grid\">\n\t\t\t\t<div class=\"grid-sizer\"><\/div>\n\n\t\t\t\t\t\t\t\t\t\t\t\t<div class=\"grid-item grid-item-height\" data-width=\"2\" data-height=\"2\">\n\t\t\t\t\t\t<a class=\"billey-box zoom\" href=\"https:\/\/laclinicadelpadel.com\/wp-content\/uploads\/2022\/07\/evenpadeltour-12.jpg\" data-sub-html=\"\">\t\t<div class=\"billey-image image\">\n\t\t\t<img decoding=\"async\"  src=\"https:\/\/laclinicadelpadel.com\/wp-content\/uploads\/2022\/07\/evenpadeltour-12-800x800.jpg\" alt=\"\" width=\"800\" \/>\t\t<\/div>\n\t\t\t\t\t<div class=\"billey-overlay\">\n\t\t\t\t<div><span class=\"fal fa-plus\"><\/span><\/div>\n\t\t\t<\/div>\n\t\t\t\t<\/a>\t\t\t\t\t<\/div>\n\t\t\t\t\t\t\t\t\t<div class=\"grid-item grid-item-height\" data-width=\"1\" data-height=\"1\">\n\t\t\t\t\t\t<a class=\"billey-box zoom\" href=\"https:\/\/laclinicadelpadel.com\/wp-content\/uploads\/2022\/07\/evenpadeltour-1.jpg\" data-sub-html=\"\">\t\t<div class=\"billey-image image\">\n\t\t\t<img decoding=\"async\"  src=\"https:\/\/laclinicadelpadel.com\/wp-content\/uploads\/2022\/07\/evenpadeltour-1-400x400.jpg\" alt=\"\" width=\"400\" \/>\t\t<\/div>\n\t\t\t\t\t<div class=\"billey-overlay\">\n\t\t\t\t<div><span class=\"fal fa-plus\"><\/span><\/div>\n\t\t\t<\/div>\n\t\t\t\t<\/a>\t\t\t\t\t<\/div>\n\t\t\t\t\t\t\t\t\t<div class=\"grid-item grid-item-height\" data-width=\"1\" data-height=\"1\">\n\t\t\t\t\t\t<a class=\"billey-box zoom\" href=\"https:\/\/laclinicadelpadel.com\/wp-content\/uploads\/2022\/07\/evenpadeltour-2.jpg\" data-sub-html=\"\">\t\t<div class=\"billey-image image\">\n\t\t\t<img decoding=\"async\"  src=\"https:\/\/laclinicadelpadel.com\/wp-content\/uploads\/2022\/07\/evenpadeltour-2-400x400.jpg\" alt=\"\" width=\"400\" \/>\t\t<\/div>\n\t\t\t\t\t<div class=\"billey-overlay\">\n\t\t\t\t<div><span class=\"fal fa-plus\"><\/span><\/div>\n\t\t\t<\/div>\n\t\t\t\t<\/a>\t\t\t\t\t<\/div>\n\t\t\t\t\t\t\t\t\t<div class=\"grid-item grid-item-height\" data-width=\"1\" data-height=\"1\">\n\t\t\t\t\t\t<a class=\"billey-box zoom\" href=\"https:\/\/laclinicadelpadel.com\/wp-content\/uploads\/2022\/07\/evenpadeltour-3.jpg\" data-sub-html=\"\">\t\t<div class=\"billey-image image\">\n\t\t\t<img decoding=\"async\"  src=\"https:\/\/laclinicadelpadel.com\/wp-content\/uploads\/2022\/07\/evenpadeltour-3-400x400.jpg\" alt=\"\" width=\"400\" \/>\t\t<\/div>\n\t\t\t\t\t<div class=\"billey-overlay\">\n\t\t\t\t<div><span class=\"fal fa-plus\"><\/span><\/div>\n\t\t\t<\/div>\n\t\t\t\t<\/a>\t\t\t\t\t<\/div>\n\t\t\t\t\t\t\t\t\t<div class=\"grid-item grid-item-height\" data-width=\"2\" data-height=\"2\">\n\t\t\t\t\t\t<a class=\"billey-box zoom\" href=\"https:\/\/laclinicadelpadel.com\/wp-content\/uploads\/2022\/07\/evenpadeltour-4.jpg\" data-sub-html=\"\">\t\t<div class=\"billey-image image\">\n\t\t\t<img decoding=\"async\"  src=\"https:\/\/laclinicadelpadel.com\/wp-content\/uploads\/2022\/07\/evenpadeltour-4.jpg\" alt=\"\" width=\"415\" \/>\t\t<\/div>\n\t\t\t\t\t<div class=\"billey-overlay\">\n\t\t\t\t<div><span class=\"fal fa-plus\"><\/span><\/div>\n\t\t\t<\/div>\n\t\t\t\t<\/a>\t\t\t\t\t<\/div>\n\t\t\t\t\t\t\t\t\t<div class=\"grid-item grid-item-height\" data-width=\"1\" data-height=\"1\">\n\t\t\t\t\t\t<a class=\"billey-box zoom\" href=\"https:\/\/laclinicadelpadel.com\/wp-content\/uploads\/2022\/07\/evenpadeltour-5.jpg\" data-sub-html=\"\">\t\t<div class=\"billey-image image\">\n\t\t\t<img decoding=\"async\"  src=\"https:\/\/laclinicadelpadel.com\/wp-content\/uploads\/2022\/07\/evenpadeltour-5-400x400.jpg\" alt=\"\" width=\"400\" \/>\t\t<\/div>\n\t\t\t\t\t<div class=\"billey-overlay\">\n\t\t\t\t<div><span class=\"fal fa-plus\"><\/span><\/div>\n\t\t\t<\/div>\n\t\t\t\t<\/a>\t\t\t\t\t<\/div>\n\t\t\t\t\t\t\t\t\t<div class=\"grid-item grid-item-height\" data-width=\"2\" data-height=\"2\">\n\t\t\t\t\t\t<a class=\"billey-box zoom\" href=\"https:\/\/laclinicadelpadel.com\/wp-content\/uploads\/2022\/07\/evenpadeltour-6.jpg\" data-sub-html=\"\">\t\t<div class=\"billey-image image\">\n\t\t\t<img decoding=\"async\"  src=\"https:\/\/laclinicadelpadel.com\/wp-content\/uploads\/2022\/07\/evenpadeltour-6-800x800.jpg\" alt=\"\" width=\"800\" \/>\t\t<\/div>\n\t\t\t\t\t<div class=\"billey-overlay\">\n\t\t\t\t<div><span class=\"fal fa-plus\"><\/span><\/div>\n\t\t\t<\/div>\n\t\t\t\t<\/a>\t\t\t\t\t<\/div>\n\t\t\t\t\t\t\t\t\t<div class=\"grid-item grid-item-height\" data-width=\"1\" data-height=\"1\">\n\t\t\t\t\t\t<a class=\"billey-box zoom\" href=\"https:\/\/laclinicadelpadel.com\/wp-content\/uploads\/2022\/07\/evenpadeltour-7.jpg\" data-sub-html=\"\">\t\t<div class=\"billey-image image\">\n\t\t\t<img decoding=\"async\"  src=\"https:\/\/laclinicadelpadel.com\/wp-content\/uploads\/2022\/07\/evenpadeltour-7-400x400.jpg\" alt=\"\" width=\"400\" \/>\t\t<\/div>\n\t\t\t\t\t<div class=\"billey-overlay\">\n\t\t\t\t<div><span class=\"fal fa-plus\"><\/span><\/div>\n\t\t\t<\/div>\n\t\t\t\t<\/a>\t\t\t\t\t<\/div>\n\t\t\t\t\t\t\t\t\t<div class=\"grid-item grid-item-height\" data-width=\"1\" data-height=\"1\">\n\t\t\t\t\t\t<a class=\"billey-box zoom\" href=\"https:\/\/laclinicadelpadel.com\/wp-content\/uploads\/2022\/07\/evenpadeltour-8.jpg\" data-sub-html=\"\">\t\t<div class=\"billey-image image\">\n\t\t\t<img decoding=\"async\"  src=\"https:\/\/laclinicadelpadel.com\/wp-content\/uploads\/2022\/07\/evenpadeltour-8-400x400.jpg\" alt=\"\" width=\"400\" \/>\t\t<\/div>\n\t\t\t\t\t<div class=\"billey-overlay\">\n\t\t\t\t<div><span class=\"fal fa-plus\"><\/span><\/div>\n\t\t\t<\/div>\n\t\t\t\t<\/a>\t\t\t\t\t<\/div>\n\t\t\t\t\t\t\t\t\t<div class=\"grid-item grid-item-height\" data-width=\"1\" data-height=\"1\">\n\t\t\t\t\t\t<a class=\"billey-box zoom\" href=\"https:\/\/laclinicadelpadel.com\/wp-content\/uploads\/2022\/07\/evenpadeltour-9.jpg\" data-sub-html=\"\">\t\t<div class=\"billey-image image\">\n\t\t\t<img decoding=\"async\"  src=\"https:\/\/laclinicadelpadel.com\/wp-content\/uploads\/2022\/07\/evenpadeltour-9-400x400.jpg\" alt=\"\" width=\"400\" \/>\t\t<\/div>\n\t\t\t\t\t<div class=\"billey-overlay\">\n\t\t\t\t<div><span class=\"fal fa-plus\"><\/span><\/div>\n\t\t\t<\/div>\n\t\t\t\t<\/a>\t\t\t\t\t<\/div>\n\t\t\t\t\t\t\t\t\t<div class=\"grid-item grid-item-height\" data-width=\"2\" data-height=\"2\">\n\t\t\t\t\t\t<a class=\"billey-box zoom\" href=\"https:\/\/laclinicadelpadel.com\/wp-content\/uploads\/2022\/07\/evenpadeltour-10.jpg\" data-sub-html=\"\">\t\t<div class=\"billey-image image\">\n\t\t\t<img decoding=\"async\"  src=\"https:\/\/laclinicadelpadel.com\/wp-content\/uploads\/2022\/07\/evenpadeltour-10.jpg\" alt=\"\" \/>\t\t<\/div>\n\t\t\t\t\t<div class=\"billey-overlay\">\n\t\t\t\t<div><span class=\"fal fa-plus\"><\/span><\/div>\n\t\t\t<\/div>\n\t\t\t\t<\/a>\t\t\t\t\t<\/div>\n\t\t\t\t\t\t\t\t\t<div class=\"grid-item grid-item-height\" data-width=\"1\" data-height=\"1\">\n\t\t\t\t\t\t<a class=\"billey-box zoom\" href=\"https:\/\/laclinicadelpadel.com\/wp-content\/uploads\/2022\/07\/evenpadeltour-11.jpg\" data-sub-html=\"\">\t\t<div class=\"billey-image image\">\n\t\t\t<img decoding=\"async\"  src=\"https:\/\/laclinicadelpadel.com\/wp-content\/uploads\/2022\/07\/evenpadeltour-11-400x400.jpg\" alt=\"\" width=\"400\" \/>\t\t<\/div>\n\t\t\t\t\t<div class=\"billey-overlay\">\n\t\t\t\t<div><span class=\"fal fa-plus\"><\/span><\/div>\n\t\t\t<\/div>\n\t\t\t\t<\/a>\t\t\t\t\t<\/div>\n\t\t\t\t\t\t\t\t\t\t\n\t\t\t<\/div>\n\t\t<\/div>\n\t\t\t\t<\/div>\n\t\t\t\t<\/div>\n\t\t\t\t\t<\/div>\n\t\t<\/div>\n\t\t\t\t\t\t\t<\/div>\n\t\t<\/section>\n\t\t\t\t\t\t\t<\/div>\n\t\t","protected":false},"excerpt":{"rendered":"<p>FISIOS DEL P\u00c0DEL Els fisios Campionat Catalunya absolut de P\u00e0del 2021, Club Junior (Sant Cugat) Torneig Evenpadeltour. Club Delfos de Cornell\u00e0 Nou servei de Fisios als millors Tornejos de P\u00e0del. Massatges gratu\u00efts pels jugadors.<\/p>\n","protected":false},"author":1,"featured_media":0,"parent":0,"menu_order":0,"comment_status":"closed","ping_status":"closed","template":"elementor_header_footer","meta":[],"_links":{"self":[{"href":"https:\/\/laclinicadelpadel.com\/ca\/wp-json\/wp\/v2\/pages\/7569"}],"collection":[{"href":"https:\/\/laclinicadelpadel.com\/ca\/wp-json\/wp\/v2\/pages"}],"about":[{"href":"https:\/\/laclinicadelpadel.com\/ca\/wp-json\/wp\/v2\/types\/page"}],"author":[{"embeddable":true,"href":"https:\/\/laclinicadelpadel.com\/ca\/wp-json\/wp\/v2\/users\/1"}],"replies":[{"embeddable":true,"href":"https:\/\/laclinicadelpadel.com\/ca\/wp-json\/wp\/v2\/comments?post=7569"}],"version-history":[{"count":12,"href":"https:\/\/laclinicadelpadel.com\/ca\/wp-json\/wp\/v2\/pages\/7569\/revisions"}],"predecessor-version":[{"id":8947,"href":"https:\/\/laclinicadelpadel.com\/ca\/wp-json\/wp\/v2\/pages\/7569\/revisions\/8947"}],"wp:attachment":[{"href":"https:\/\/laclinicadelpadel.com\/ca\/wp-json\/wp\/v2\/media?parent=7569"}],"curies":[{"name":"wp","href":"https:\/\/api.w.org\/{rel}","templated":true}]}}